{"id":42,"date":"2025-04-08T15:31:43","date_gmt":"2025-04-08T15:31:43","guid":{"rendered":"https:\/\/metalpromet.onlineizlozbapasaimacaka.rs\/?page_id=42"},"modified":"2025-04-25T19:54:24","modified_gmt":"2025-04-25T19:54:24","slug":"sertifikati","status":"publish","type":"page","link":"https:\/\/metalprometsistem.rs\/en\/sertifikati\/","title":{"rendered":"Certificates"},"content":{"rendered":"<div data-elementor-type=\"wp-page\" data-elementor-id=\"42\" class=\"elementor elementor-42\">\n\t\t\t\t<div class=\"elementor-element elementor-element-38bc039 e-flex e-con-boxed e-con e-parent\" data-id=\"38bc039\" data-element_type=\"container\" data-e-type=\"container\" data-settings=\"{&quot;background_background&quot;:&quot;classic&quot;}\">\n\t\t\t\t\t<div class=\"e-con-inner\">\n\t\t\t\t<div class=\"elementor-element elementor-element-70ca316 elementor-widget elementor-widget-heading\" data-id=\"70ca316\" data-element_type=\"widget\" data-e-type=\"widget\" data-widget_type=\"heading.default\">\n\t\t\t\t<div class=\"elementor-widget-container\">\n\t\t\t\t\t<h1 class=\"elementor-heading-title elementor-size-default\">Certificates<\/h1>\t\t\t\t<\/div>\n\t\t\t\t<\/div>\n\t\t\t\t\t<\/div>\n\t\t\t\t<\/div>\n\t\t<div class=\"elementor-element elementor-element-0d6db1d e-flex e-con-boxed e-con e-parent\" data-id=\"0d6db1d\" data-element_type=\"container\" data-e-type=\"container\">\n\t\t\t\t\t<div class=\"e-con-inner\">\n\t\t\t\t<div class=\"elementor-element elementor-element-ac368ab elementor-widget elementor-widget-text-editor\" data-id=\"ac368ab\" data-element_type=\"widget\" data-e-type=\"widget\" data-widget_type=\"text-editor.default\">\n\t\t\t\t<div class=\"elementor-widget-container\">\n\t\t\t\t\t\t\t\t\t<p>Your commitment to maintaining ISO and HACCP certifications reflects a robust quality management framework that ensures operational excellence and regulatory compliance.<\/p><p>These internationally recognized standards ensure that we consistently deliver products and services that meet or exceed customer expectations while adhering to regulatory requirements. Through rigorous documentation and systematic quality management processes, we maintain transparency and accountability at every level of our organization.<\/p><p>Our quality policy strategy is designed to drive ongoing enhancements to our systems and procedures, allowing us to anticipate and respond effectively to evolving customer needs and market demands.\u200b\u200b\u200b\u200b\u200b\u200b\u200b\u200b\u200b\u200b\u200b\u200b\u200b\u200b\u200b\u200b<\/p>\t\t\t\t\t\t\t\t<\/div>\n\t\t\t\t<\/div>\n\t\t\t\t\t<\/div>\n\t\t\t\t<\/div>\n\t\t<div class=\"elementor-element elementor-element-15afced1 e-flex e-con-boxed e-con e-parent\" data-id=\"15afced1\" data-element_type=\"container\" data-e-type=\"container\" data-settings=\"{&quot;background_background&quot;:&quot;classic&quot;}\">\n\t\t\t\t\t<div class=\"e-con-inner\">\n\t\t<div class=\"elementor-element elementor-element-3b6d9c8c e-con-full e-flex e-con e-child\" data-id=\"3b6d9c8c\" data-element_type=\"container\" data-e-type=\"container\">\n\t\t\t\t<div class=\"elementor-element elementor-element-100c97ad elementor-widget elementor-widget-heading\" data-id=\"100c97ad\" data-element_type=\"widget\" data-e-type=\"widget\" data-widget_type=\"heading.default\">\n\t\t\t\t<div class=\"elementor-widget-container\">\n\t\t\t\t\t<h3 class=\"elementor-heading-title elementor-size-default\">For inquiries or partnership opportunities, contact us!<\/h3>\t\t\t\t<\/div>\n\t\t\t\t<\/div>\n\t\t\t\t<\/div>\n\t\t<div class=\"elementor-element elementor-element-5b113665 e-con-full e-flex e-con e-child\" data-id=\"5b113665\" data-element_type=\"container\" data-e-type=\"container\">\n\t\t\t\t<div class=\"elementor-element elementor-element-12f9d5dc elementor-align-right elementor-widget elementor-widget-button\" data-id=\"12f9d5dc\" data-element_type=\"widget\" data-e-type=\"widget\" data-widget_type=\"button.default\">\n\t\t\t\t<div class=\"elementor-widget-container\">\n\t\t\t\t\t\t\t\t\t<div class=\"elementor-button-wrapper\">\n\t\t\t\t\t<a class=\"elementor-button elementor-button-link elementor-size-sm\" href=\"tel:+38163531184\">\n\t\t\t\t\t\t<span class=\"elementor-button-content-wrapper\">\n\t\t\t\t\t\t<span class=\"elementor-button-icon\">\n\t\t\t\t<svg aria-hidden=\"true\" class=\"e-font-icon-svg e-fas-phone-alt\" viewbox=\"0 0 512 512\" xmlns=\"http:\/\/www.w3.org\/2000\/svg\"><path d=\"M497.39 361.8l-112-48a24 24 0 0 0-28 6.9l-49.6 60.6A370.66 370.66 0 0 1 130.6 204.11l60.6-49.6a23.94 23.94 0 0 0 6.9-28l-48-112A24.16 24.16 0 0 0 122.6.61l-104 24A24 24 0 0 0 0 48c0 256.5 207.9 464 464 464a24 24 0 0 0 23.4-18.6l24-104a24.29 24.29 0 0 0-14.01-27.6z\"><\/path><\/svg>\t\t\t<\/span>\n\t\t\t\t\t\t\t\t\t<span class=\"elementor-button-text\">Give us a call<\/span>\n\t\t\t\t\t<\/span>\n\t\t\t\t\t<\/a>\n\t\t\t\t<\/div>\n\t\t\t\t\t\t\t\t<\/div>\n\t\t\t\t<\/div>\n\t\t\t\t<\/div>\n\t\t\t\t\t<\/div>\n\t\t\t\t<\/div>\n\t\t\t\t<\/div>","protected":false},"excerpt":{"rendered":"<p>Sertifikati Posvec\u0301eni smo odr\u017eavanju najvi\u0161ih standarda kvaliteta i uskla\u0111enosti u svim na\u0161im operacijama. Na\u0161i ISO i HACCP sertifikati i sveobuhvatni okvir politike kvaliteta pokazuju na\u0161u posvec\u0301enost izvrsnosti i stalnom pobolj\u0161anju. Ovi me\u0111unarodno priznati standardi obezbe\u0111uju da dosledno isporu\u010dujemo proizvode i usluge koji ispunjavaju ili prevazilaze o\u010dekivanja kupaca, dok se pridr\u017eavamo regulatornih zahteva. Kroz rigoroznu dokumentaciju [&hellip;]<\/p>\n","protected":false},"author":1,"featured_media":0,"parent":0,"menu_order":0,"comment_status":"closed","ping_status":"closed","template":"","meta":{"site-sidebar-layout":"no-sidebar","site-content-layout":"page-builder","ast-site-content-layout":"full-width-container","site-content-style":"unboxed","site-sidebar-style":"default","ast-global-header-display":"","ast-banner-title-visibility":"","ast-main-header-display":"","ast-hfb-above-header-display":"","ast-hfb-below-header-display":"","ast-hfb-mobile-header-display":"","site-post-title":"disabled","ast-breadcrumbs-content":"","ast-featured-img":"disabled","footer-sml-layout":"","ast-disable-related-posts":"","theme-transparent-header-meta":"disabled","adv-header-id-meta":"","stick-header-meta":"","header-above-stick-meta":"","header-main-stick-meta":"","header-below-stick-meta":"","astra-migrate-meta-layouts":"set","ast-page-background-enabled":"default","ast-page-background-meta":{"desktop":{"background-color":"","background-image":"","background-repeat":"repeat","background-position":"center center","background-size":"auto","background-attachment":"scroll","background-type":"","background-media":"","overlay-type":"","overlay-color":"","overlay-opacity":"","overlay-gradient":""},"tablet":{"background-color":"","background-image":"","background-repeat":"repeat","background-position":"center center","background-size":"auto","background-attachment":"scroll","background-type":"","background-media":"","overlay-type":"","overlay-color":"","overlay-opacity":"","overlay-gradient":""},"mobile":{"background-color":"","background-image":"","background-repeat":"repeat","background-position":"center center","background-size":"auto","background-attachment":"scroll","background-type":"","background-media":"","overlay-type":"","overlay-color":"","overlay-opacity":"","overlay-gradient":""}},"ast-content-background-meta":{"desktop":{"background-color":"var(--ast-global-color-5)","background-image":"","background-repeat":"repeat","background-position":"center center","background-size":"auto","background-attachment":"scroll","background-type":"","background-media":"","overlay-type":"","overlay-color":"","overlay-opacity":"","overlay-gradient":""},"tablet":{"background-color":"var(--ast-global-color-5)","background-image":"","background-repeat":"repeat","background-position":"center center","background-size":"auto","background-attachment":"scroll","background-type":"","background-media":"","overlay-type":"","overlay-color":"","overlay-opacity":"","overlay-gradient":""},"mobile":{"background-color":"var(--ast-global-color-5)","background-image":"","background-repeat":"repeat","background-position":"center center","background-size":"auto","background-attachment":"scroll","background-type":"","background-media":"","overlay-type":"","overlay-color":"","overlay-opacity":"","overlay-gradient":""}},"footnotes":""},"class_list":["post-42","page","type-page","status-publish","hentry"],"yoast_head":"<!-- This site is optimized with the Yoast SEO plugin v27.4 - https:\/\/yoast.com\/product\/yoast-seo-wordpress\/ -->\n<title>Sertifikati - Metal Promet Sistem<\/title>\n<meta name=\"robots\" content=\"index, follow, max-snippet:-1, max-image-preview:large, max-video-preview:-1\" \/>\n<link rel=\"canonical\" href=\"https:\/\/metalprometsistem.rs\/en\/sertifikati\/\" \/>\n<meta property=\"og:locale\" content=\"en_GB\" \/>\n<meta property=\"og:type\" content=\"article\" \/>\n<meta property=\"og:title\" content=\"Sertifikati - Metal Promet Sistem\" \/>\n<meta property=\"og:description\" content=\"Sertifikati Posvec\u0301eni smo odr\u017eavanju najvi\u0161ih standarda kvaliteta i uskla\u0111enosti u svim na\u0161im operacijama. Na\u0161i ISO i HACCP sertifikati i sveobuhvatni okvir politike kvaliteta pokazuju na\u0161u posvec\u0301enost izvrsnosti i stalnom pobolj\u0161anju. Ovi me\u0111unarodno priznati standardi obezbe\u0111uju da dosledno isporu\u010dujemo proizvode i usluge koji ispunjavaju ili prevazilaze o\u010dekivanja kupaca, dok se pridr\u017eavamo regulatornih zahteva. Kroz rigoroznu dokumentaciju [&hellip;]\" \/>\n<meta property=\"og:url\" content=\"https:\/\/metalprometsistem.rs\/en\/sertifikati\/\" \/>\n<meta property=\"og:site_name\" content=\"Metal Promet Sistem\" \/>\n<meta property=\"article:modified_time\" content=\"2025-04-25T19:54:24+00:00\" \/>\n<meta name=\"twitter:card\" content=\"summary_large_image\" \/>\n<meta name=\"twitter:label1\" content=\"Estimated reading time\" \/>\n\t<meta name=\"twitter:data1\" content=\"1 minute\" \/>\n<script type=\"application\/ld+json\" class=\"yoast-schema-graph\">{\"@context\":\"https:\\\/\\\/schema.org\",\"@graph\":[{\"@type\":\"WebPage\",\"@id\":\"https:\\\/\\\/metalprometsistem.rs\\\/sertifikati\\\/\",\"url\":\"https:\\\/\\\/metalprometsistem.rs\\\/sertifikati\\\/\",\"name\":\"Sertifikati - Metal Promet Sistem\",\"isPartOf\":{\"@id\":\"https:\\\/\\\/metalprometsistem.rs\\\/#website\"},\"datePublished\":\"2025-04-08T15:31:43+00:00\",\"dateModified\":\"2025-04-25T19:54:24+00:00\",\"breadcrumb\":{\"@id\":\"https:\\\/\\\/metalprometsistem.rs\\\/sertifikati\\\/#breadcrumb\"},\"inLanguage\":\"en-GB\",\"potentialAction\":[{\"@type\":\"ReadAction\",\"target\":[\"https:\\\/\\\/metalprometsistem.rs\\\/sertifikati\\\/\"]}]},{\"@type\":\"BreadcrumbList\",\"@id\":\"https:\\\/\\\/metalprometsistem.rs\\\/sertifikati\\\/#breadcrumb\",\"itemListElement\":[{\"@type\":\"ListItem\",\"position\":1,\"name\":\"Po\u010detna\",\"item\":\"https:\\\/\\\/metalprometsistem.rs\\\/\"},{\"@type\":\"ListItem\",\"position\":2,\"name\":\"Sertifikati\"}]},{\"@type\":\"WebSite\",\"@id\":\"https:\\\/\\\/metalprometsistem.rs\\\/#website\",\"url\":\"https:\\\/\\\/metalprometsistem.rs\\\/\",\"name\":\"Metal Promet Sistem\",\"description\":\"\",\"publisher\":{\"@id\":\"https:\\\/\\\/metalprometsistem.rs\\\/#organization\"},\"potentialAction\":[{\"@type\":\"SearchAction\",\"target\":{\"@type\":\"EntryPoint\",\"urlTemplate\":\"https:\\\/\\\/metalprometsistem.rs\\\/?s={search_term_string}\"},\"query-input\":{\"@type\":\"PropertyValueSpecification\",\"valueRequired\":true,\"valueName\":\"search_term_string\"}}],\"inLanguage\":\"en-GB\"},{\"@type\":\"Organization\",\"@id\":\"https:\\\/\\\/metalprometsistem.rs\\\/#organization\",\"name\":\"Metal Promet Sistem\",\"url\":\"https:\\\/\\\/metalprometsistem.rs\\\/\",\"logo\":{\"@type\":\"ImageObject\",\"inLanguage\":\"en-GB\",\"@id\":\"https:\\\/\\\/metalprometsistem.rs\\\/#\\\/schema\\\/logo\\\/image\\\/\",\"url\":\"https:\\\/\\\/metalprometsistem.rs\\\/wp-content\\\/uploads\\\/2025\\\/04\\\/cropped-logo-1.png\",\"contentUrl\":\"https:\\\/\\\/metalprometsistem.rs\\\/wp-content\\\/uploads\\\/2025\\\/04\\\/cropped-logo-1.png\",\"width\":750,\"height\":250,\"caption\":\"Metal Promet Sistem\"},\"image\":{\"@id\":\"https:\\\/\\\/metalprometsistem.rs\\\/#\\\/schema\\\/logo\\\/image\\\/\"},\"sameAs\":[\"https:\\\/\\\/www.instagram.com\\\/metalprometsistem\"]}]}<\/script>\n<!-- \/ Yoast SEO plugin. -->","yoast_head_json":{"title":"Sertifikati - Metal Promet Sistem","robots":{"index":"index","follow":"follow","max-snippet":"max-snippet:-1","max-image-preview":"max-image-preview:large","max-video-preview":"max-video-preview:-1"},"canonical":"https:\/\/metalprometsistem.rs\/en\/sertifikati\/","og_locale":"en_GB","og_type":"article","og_title":"Sertifikati - Metal Promet Sistem","og_description":"Sertifikati Posvec\u0301eni smo odr\u017eavanju najvi\u0161ih standarda kvaliteta i uskla\u0111enosti u svim na\u0161im operacijama. Na\u0161i ISO i HACCP sertifikati i sveobuhvatni okvir politike kvaliteta pokazuju na\u0161u posvec\u0301enost izvrsnosti i stalnom pobolj\u0161anju. Ovi me\u0111unarodno priznati standardi obezbe\u0111uju da dosledno isporu\u010dujemo proizvode i usluge koji ispunjavaju ili prevazilaze o\u010dekivanja kupaca, dok se pridr\u017eavamo regulatornih zahteva. Kroz rigoroznu dokumentaciju [&hellip;]","og_url":"https:\/\/metalprometsistem.rs\/en\/sertifikati\/","og_site_name":"Metal Promet Sistem","article_modified_time":"2025-04-25T19:54:24+00:00","twitter_card":"summary_large_image","twitter_misc":{"Estimated reading time":"1 minute"},"schema":{"@context":"https:\/\/schema.org","@graph":[{"@type":"WebPage","@id":"https:\/\/metalprometsistem.rs\/sertifikati\/","url":"https:\/\/metalprometsistem.rs\/sertifikati\/","name":"Sertifikati - Metal Promet Sistem","isPartOf":{"@id":"https:\/\/metalprometsistem.rs\/#website"},"datePublished":"2025-04-08T15:31:43+00:00","dateModified":"2025-04-25T19:54:24+00:00","breadcrumb":{"@id":"https:\/\/metalprometsistem.rs\/sertifikati\/#breadcrumb"},"inLanguage":"en-GB","potentialAction":[{"@type":"ReadAction","target":["https:\/\/metalprometsistem.rs\/sertifikati\/"]}]},{"@type":"BreadcrumbList","@id":"https:\/\/metalprometsistem.rs\/sertifikati\/#breadcrumb","itemListElement":[{"@type":"ListItem","position":1,"name":"Po\u010detna","item":"https:\/\/metalprometsistem.rs\/"},{"@type":"ListItem","position":2,"name":"Sertifikati"}]},{"@type":"WebSite","@id":"https:\/\/metalprometsistem.rs\/#website","url":"https:\/\/metalprometsistem.rs\/","name":"Metal Promet Sistem","description":"","publisher":{"@id":"https:\/\/metalprometsistem.rs\/#organization"},"potentialAction":[{"@type":"SearchAction","target":{"@type":"EntryPoint","urlTemplate":"https:\/\/metalprometsistem.rs\/?s={search_term_string}"},"query-input":{"@type":"PropertyValueSpecification","valueRequired":true,"valueName":"search_term_string"}}],"inLanguage":"en-GB"},{"@type":"Organization","@id":"https:\/\/metalprometsistem.rs\/#organization","name":"Metal Promet Sistem","url":"https:\/\/metalprometsistem.rs\/","logo":{"@type":"ImageObject","inLanguage":"en-GB","@id":"https:\/\/metalprometsistem.rs\/#\/schema\/logo\/image\/","url":"https:\/\/metalprometsistem.rs\/wp-content\/uploads\/2025\/04\/cropped-logo-1.png","contentUrl":"https:\/\/metalprometsistem.rs\/wp-content\/uploads\/2025\/04\/cropped-logo-1.png","width":750,"height":250,"caption":"Metal Promet Sistem"},"image":{"@id":"https:\/\/metalprometsistem.rs\/#\/schema\/logo\/image\/"},"sameAs":["https:\/\/www.instagram.com\/metalprometsistem"]}]}},"_links":{"self":[{"href":"https:\/\/metalprometsistem.rs\/en\/wp-json\/wp\/v2\/pages\/42","targetHints":{"allow":["GET"]}}],"collection":[{"href":"https:\/\/metalprometsistem.rs\/en\/wp-json\/wp\/v2\/pages"}],"about":[{"href":"https:\/\/metalprometsistem.rs\/en\/wp-json\/wp\/v2\/types\/page"}],"author":[{"embeddable":true,"href":"https:\/\/metalprometsistem.rs\/en\/wp-json\/wp\/v2\/users\/1"}],"replies":[{"embeddable":true,"href":"https:\/\/metalprometsistem.rs\/en\/wp-json\/wp\/v2\/comments?post=42"}],"version-history":[{"count":41,"href":"https:\/\/metalprometsistem.rs\/en\/wp-json\/wp\/v2\/pages\/42\/revisions"}],"predecessor-version":[{"id":2530,"href":"https:\/\/metalprometsistem.rs\/en\/wp-json\/wp\/v2\/pages\/42\/revisions\/2530"}],"wp:attachment":[{"href":"https:\/\/metalprometsistem.rs\/en\/wp-json\/wp\/v2\/media?parent=42"}],"curies":[{"name":"wp","href":"https:\/\/api.w.org\/{rel}","templated":true}]}}