{"id":44,"date":"2025-04-08T15:32:05","date_gmt":"2025-04-08T15:32:05","guid":{"rendered":"https:\/\/metalpromet.onlineizlozbapasaimacaka.rs\/?page_id=44"},"modified":"2025-04-25T20:02:51","modified_gmt":"2025-04-25T20:02:51","slug":"lokacija","status":"publish","type":"page","link":"https:\/\/metalprometsistem.rs\/en\/lokacija\/","title":{"rendered":"Location"},"content":{"rendered":"<div data-elementor-type=\"wp-page\" data-elementor-id=\"44\" class=\"elementor elementor-44\">\n\t\t\t\t<div class=\"elementor-element elementor-element-35a88e0 e-flex e-con-boxed e-con e-parent\" data-id=\"35a88e0\" data-element_type=\"container\" data-e-type=\"container\" data-settings=\"{&quot;background_background&quot;:&quot;classic&quot;}\">\n\t\t\t\t\t<div class=\"e-con-inner\">\n\t\t\t\t<div class=\"elementor-element elementor-element-7eadc87 elementor-widget elementor-widget-heading\" data-id=\"7eadc87\" data-element_type=\"widget\" data-e-type=\"widget\" data-widget_type=\"heading.default\">\n\t\t\t\t<div class=\"elementor-widget-container\">\n\t\t\t\t\t<h1 class=\"elementor-heading-title elementor-size-default\">Location<\/h1>\t\t\t\t<\/div>\n\t\t\t\t<\/div>\n\t\t\t\t\t<\/div>\n\t\t\t\t<\/div>\n\t\t<div class=\"elementor-element elementor-element-0d90120 e-flex e-con-boxed e-con e-parent\" data-id=\"0d90120\" data-element_type=\"container\" data-e-type=\"container\">\n\t\t\t\t\t<div class=\"e-con-inner\">\n\t\t\t\t<div class=\"elementor-element elementor-element-250a4c5 elementor-widget elementor-widget-text-editor\" data-id=\"250a4c5\" data-element_type=\"widget\" data-e-type=\"widget\" data-widget_type=\"text-editor.default\">\n\t\t\t\t<div class=\"elementor-widget-container\">\n\t\t\t\t\t\t\t\t\t<p>Our headquarters and manufacturing facilities are strategically located in the industrial district of Zrenjanin, Serbia. For inquiries, site visits, or partnership opportunities, please contact our Business Development Department at the address provided below. Our prime positioning offers optimized logistics capabilities and efficient access to European markets.\u200b\u200b\u200b\u200b\u200b\u200b\u200b\u200b\u200b\u200b\u200b\u200b\u200b\u200b\u200b\u200b<\/p><p>For inquiries, website visits, or partnership opportunities, please contact our business development department at the address below<\/p>\t\t\t\t\t\t\t\t<\/div>\n\t\t\t\t<\/div>\n\t\t\t\t<div class=\"elementor-element elementor-element-153b501 elementor-position-inline-start elementor-view-default elementor-mobile-position-block-start elementor-widget elementor-widget-icon-box\" data-id=\"153b501\" data-element_type=\"widget\" data-e-type=\"widget\" data-widget_type=\"icon-box.default\">\n\t\t\t\t<div class=\"elementor-widget-container\">\n\t\t\t\t\t\t\t<div class=\"elementor-icon-box-wrapper\">\n\n\t\t\t\t\t\t<div class=\"elementor-icon-box-icon\">\n\t\t\t\t<span  class=\"elementor-icon\">\n\t\t\t\t<svg aria-hidden=\"true\" class=\"e-font-icon-svg e-fas-map-marker-alt\" viewbox=\"0 0 384 512\" xmlns=\"http:\/\/www.w3.org\/2000\/svg\"><path d=\"M172.268 501.67C26.97 291.031 0 269.413 0 192 0 85.961 85.961 0 192 0s192 85.961 192 192c0 77.413-26.97 99.031-172.268 309.67-9.535 13.774-29.93 13.773-39.464 0zM192 272c44.183 0 80-35.817 80-80s-35.817-80-80-80-80 35.817-80 80 35.817 80 80 80z\"><\/path><\/svg>\t\t\t\t<\/span>\n\t\t\t<\/div>\n\t\t\t\n\t\t\t\t\t\t<div class=\"elementor-icon-box-content\">\n\n\t\t\t\t\n\t\t\t\t\t\t\t\t\t<p class=\"elementor-icon-box-description\">\n\t\t\t\t\t\tOgnjeslava Kostovi\u0107a 11<br>\n\n23000 Zrenjanin<br>\n\nSerbia\t\t\t\t\t<\/p>\n\t\t\t\t\n\t\t\t<\/div>\n\t\t\t\n\t\t<\/div>\n\t\t\t\t\t\t<\/div>\n\t\t\t\t<\/div>\n\t\t\t\t\t<\/div>\n\t\t\t\t<\/div>\n\t\t<div class=\"elementor-element elementor-element-5910142 e-con-full e-flex e-con e-parent\" data-id=\"5910142\" data-element_type=\"container\" data-e-type=\"container\">\n\t\t\t\t<div class=\"elementor-element elementor-element-d78d040 elementor-widget elementor-widget-google_maps\" data-id=\"d78d040\" data-element_type=\"widget\" data-e-type=\"widget\" data-widget_type=\"google_maps.default\">\n\t\t\t\t<div class=\"elementor-widget-container\">\n\t\t\t\t\t\t\t<div class=\"elementor-custom-embed\">\n\t\t\t<iframe loading=\"lazy\"\n\t\t\t\t\tsrc=\"https:\/\/maps.google.com\/maps?q=45.3514850%2C%2020.4241380&#038;t=m&#038;z=15&#038;output=embed&#038;iwloc=near\"\n\t\t\t\t\ttitle=\"45.3514850, 20.4241380\"\n\t\t\t\t\taria-label=\"45.3514850, 20.4241380\"\n\t\t\t><\/iframe>\n\t\t<\/div>\n\t\t\t\t\t\t<\/div>\n\t\t\t\t<\/div>\n\t\t\t\t<\/div>\n\t\t<div class=\"elementor-element elementor-element-dc513ed e-flex e-con-boxed e-con e-parent\" data-id=\"dc513ed\" data-element_type=\"container\" data-e-type=\"container\" data-settings=\"{&quot;background_background&quot;:&quot;classic&quot;}\">\n\t\t\t\t\t<div class=\"e-con-inner\">\n\t\t<div class=\"elementor-element elementor-element-3d8cd7e5 e-con-full e-flex e-con e-child\" data-id=\"3d8cd7e5\" data-element_type=\"container\" data-e-type=\"container\">\n\t\t\t\t<div class=\"elementor-element elementor-element-78840ac9 elementor-widget elementor-widget-heading\" data-id=\"78840ac9\" data-element_type=\"widget\" data-e-type=\"widget\" data-widget_type=\"heading.default\">\n\t\t\t\t<div class=\"elementor-widget-container\">\n\t\t\t\t\t<h3 class=\"elementor-heading-title elementor-size-default\">For inquiries or partnership opportunities, contact us!<\/h3>\t\t\t\t<\/div>\n\t\t\t\t<\/div>\n\t\t\t\t<\/div>\n\t\t<div class=\"elementor-element elementor-element-7ca1138a e-con-full e-flex e-con e-child\" data-id=\"7ca1138a\" data-element_type=\"container\" data-e-type=\"container\">\n\t\t\t\t<div class=\"elementor-element elementor-element-1222c34e elementor-align-right elementor-widget elementor-widget-button\" data-id=\"1222c34e\" data-element_type=\"widget\" data-e-type=\"widget\" data-widget_type=\"button.default\">\n\t\t\t\t<div class=\"elementor-widget-container\">\n\t\t\t\t\t\t\t\t\t<div class=\"elementor-button-wrapper\">\n\t\t\t\t\t<a class=\"elementor-button elementor-button-link elementor-size-sm\" href=\"tel:+38163531184\">\n\t\t\t\t\t\t<span class=\"elementor-button-content-wrapper\">\n\t\t\t\t\t\t<span class=\"elementor-button-icon\">\n\t\t\t\t<svg aria-hidden=\"true\" class=\"e-font-icon-svg e-fas-phone-alt\" viewbox=\"0 0 512 512\" xmlns=\"http:\/\/www.w3.org\/2000\/svg\"><path d=\"M497.39 361.8l-112-48a24 24 0 0 0-28 6.9l-49.6 60.6A370.66 370.66 0 0 1 130.6 204.11l60.6-49.6a23.94 23.94 0 0 0 6.9-28l-48-112A24.16 24.16 0 0 0 122.6.61l-104 24A24 24 0 0 0 0 48c0 256.5 207.9 464 464 464a24 24 0 0 0 23.4-18.6l24-104a24.29 24.29 0 0 0-14.01-27.6z\"><\/path><\/svg>\t\t\t<\/span>\n\t\t\t\t\t\t\t\t\t<span class=\"elementor-button-text\">Give us a call<\/span>\n\t\t\t\t\t<\/span>\n\t\t\t\t\t<\/a>\n\t\t\t\t<\/div>\n\t\t\t\t\t\t\t\t<\/div>\n\t\t\t\t<\/div>\n\t\t\t\t<\/div>\n\t\t\t\t\t<\/div>\n\t\t\t\t<\/div>\n\t\t\t\t<\/div>","protected":false},"excerpt":{"rendered":"<p>Lokacija Na\u0161e sedi\u0161te i proizvodni pogoni su strate\u0161ki locirani u industrijskom delu grada Zrenjanina, u dr\u017eavi Srbiji, koja se nalazi u Jugoisto\u010dnoj Evropi.\u00a0\u00a0Na\u0161e vrhunsko pozicioniranje nudi optimizovane logisti\u010dke moguc\u0301nosti i efikasan pristup evropskim tr\u017ei\u0161tima.\u200b\u200b\u200b\u200b\u200b\u200b\u200b\u200b\u200b\u200b\u200b\u200b\u200b\u200b Za upite, posete sajtu ili moguc\u0301nosti za partnerstvo, kontaktirajte na\u0161e odeljenje za poslovni razvoj na dole navedenu adresu. Ognjeslava Kostovi\u0107a 11 [&hellip;]<\/p>\n","protected":false},"author":1,"featured_media":0,"parent":0,"menu_order":0,"comment_status":"closed","ping_status":"closed","template":"","meta":{"site-sidebar-layout":"no-sidebar","site-content-layout":"page-builder","ast-site-content-layout":"full-width-container","site-content-style":"unboxed","site-sidebar-style":"default","ast-global-header-display":"","ast-banner-title-visibility":"","ast-main-header-display":"","ast-hfb-above-header-display":"","ast-hfb-below-header-display":"","ast-hfb-mobile-header-display":"","site-post-title":"disabled","ast-breadcrumbs-content":"","ast-featured-img":"disabled","footer-sml-layout":"","ast-disable-related-posts":"","theme-transparent-header-meta":"disabled","adv-header-id-meta":"","stick-header-meta":"","header-above-stick-meta":"","header-main-stick-meta":"","header-below-stick-meta":"","astra-migrate-meta-layouts":"set","ast-page-background-enabled":"default","ast-page-background-meta":{"desktop":{"background-color":"var(--ast-global-color-4)","background-image":"","background-repeat":"repeat","background-position":"center center","background-size":"auto","background-attachment":"scroll","background-type":"","background-media":"","overlay-type":"","overlay-color":"","overlay-opacity":"","overlay-gradient":""},"tablet":{"background-color":"","background-image":"","background-repeat":"repeat","background-position":"center center","background-size":"auto","background-attachment":"scroll","background-type":"","background-media":"","overlay-type":"","overlay-color":"","overlay-opacity":"","overlay-gradient":""},"mobile":{"background-color":"","background-image":"","background-repeat":"repeat","background-position":"center center","background-size":"auto","background-attachment":"scroll","background-type":"","background-media":"","overlay-type":"","overlay-color":"","overlay-opacity":"","overlay-gradient":""}},"ast-content-background-meta":{"desktop":{"background-color":"var(--ast-global-color-5)","background-image":"","background-repeat":"repeat","background-position":"center center","background-size":"auto","background-attachment":"scroll","background-type":"","background-media":"","overlay-type":"","overlay-color":"","overlay-opacity":"","overlay-gradient":""},"tablet":{"background-color":"var(--ast-global-color-5)","background-image":"","background-repeat":"repeat","background-position":"center center","background-size":"auto","background-attachment":"scroll","background-type":"","background-media":"","overlay-type":"","overlay-color":"","overlay-opacity":"","overlay-gradient":""},"mobile":{"background-color":"var(--ast-global-color-5)","background-image":"","background-repeat":"repeat","background-position":"center center","background-size":"auto","background-attachment":"scroll","background-type":"","background-media":"","overlay-type":"","overlay-color":"","overlay-opacity":"","overlay-gradient":""}},"footnotes":""},"class_list":["post-44","page","type-page","status-publish","hentry"],"yoast_head":"<!-- This site is optimized with the Yoast SEO plugin v27.4 - https:\/\/yoast.com\/product\/yoast-seo-wordpress\/ -->\n<title>Lokacija - Metal Promet Sistem<\/title>\n<meta name=\"robots\" content=\"index, follow, max-snippet:-1, max-image-preview:large, max-video-preview:-1\" \/>\n<link rel=\"canonical\" href=\"https:\/\/metalprometsistem.rs\/en\/lokacija\/\" \/>\n<meta property=\"og:locale\" content=\"en_GB\" \/>\n<meta property=\"og:type\" content=\"article\" \/>\n<meta property=\"og:title\" content=\"Lokacija - Metal Promet Sistem\" \/>\n<meta property=\"og:description\" content=\"Lokacija Na\u0161e sedi\u0161te i proizvodni pogoni su strate\u0161ki locirani u industrijskom delu grada Zrenjanina, u dr\u017eavi Srbiji, koja se nalazi u Jugoisto\u010dnoj Evropi.\u00a0\u00a0Na\u0161e vrhunsko pozicioniranje nudi optimizovane logisti\u010dke moguc\u0301nosti i efikasan pristup evropskim tr\u017ei\u0161tima.\u200b\u200b\u200b\u200b\u200b\u200b\u200b\u200b\u200b\u200b\u200b\u200b\u200b\u200b Za upite, posete sajtu ili moguc\u0301nosti za partnerstvo, kontaktirajte na\u0161e odeljenje za poslovni razvoj na dole navedenu adresu. Ognjeslava Kostovi\u0107a 11 [&hellip;]\" \/>\n<meta property=\"og:url\" content=\"https:\/\/metalprometsistem.rs\/en\/lokacija\/\" \/>\n<meta property=\"og:site_name\" content=\"Metal Promet Sistem\" \/>\n<meta property=\"article:modified_time\" content=\"2025-04-25T20:02:51+00:00\" \/>\n<meta name=\"twitter:card\" content=\"summary_large_image\" \/>\n<meta name=\"twitter:label1\" content=\"Estimated reading time\" \/>\n\t<meta name=\"twitter:data1\" content=\"1 minute\" \/>\n<script type=\"application\/ld+json\" class=\"yoast-schema-graph\">{\"@context\":\"https:\\\/\\\/schema.org\",\"@graph\":[{\"@type\":\"WebPage\",\"@id\":\"https:\\\/\\\/metalprometsistem.rs\\\/lokacija\\\/\",\"url\":\"https:\\\/\\\/metalprometsistem.rs\\\/lokacija\\\/\",\"name\":\"Lokacija - Metal Promet Sistem\",\"isPartOf\":{\"@id\":\"https:\\\/\\\/metalprometsistem.rs\\\/#website\"},\"datePublished\":\"2025-04-08T15:32:05+00:00\",\"dateModified\":\"2025-04-25T20:02:51+00:00\",\"breadcrumb\":{\"@id\":\"https:\\\/\\\/metalprometsistem.rs\\\/lokacija\\\/#breadcrumb\"},\"inLanguage\":\"en-GB\",\"potentialAction\":[{\"@type\":\"ReadAction\",\"target\":[\"https:\\\/\\\/metalprometsistem.rs\\\/lokacija\\\/\"]}]},{\"@type\":\"BreadcrumbList\",\"@id\":\"https:\\\/\\\/metalprometsistem.rs\\\/lokacija\\\/#breadcrumb\",\"itemListElement\":[{\"@type\":\"ListItem\",\"position\":1,\"name\":\"Po\u010detna\",\"item\":\"https:\\\/\\\/metalprometsistem.rs\\\/\"},{\"@type\":\"ListItem\",\"position\":2,\"name\":\"Lokacija\"}]},{\"@type\":\"WebSite\",\"@id\":\"https:\\\/\\\/metalprometsistem.rs\\\/#website\",\"url\":\"https:\\\/\\\/metalprometsistem.rs\\\/\",\"name\":\"Metal Promet Sistem\",\"description\":\"\",\"publisher\":{\"@id\":\"https:\\\/\\\/metalprometsistem.rs\\\/#organization\"},\"potentialAction\":[{\"@type\":\"SearchAction\",\"target\":{\"@type\":\"EntryPoint\",\"urlTemplate\":\"https:\\\/\\\/metalprometsistem.rs\\\/?s={search_term_string}\"},\"query-input\":{\"@type\":\"PropertyValueSpecification\",\"valueRequired\":true,\"valueName\":\"search_term_string\"}}],\"inLanguage\":\"en-GB\"},{\"@type\":\"Organization\",\"@id\":\"https:\\\/\\\/metalprometsistem.rs\\\/#organization\",\"name\":\"Metal Promet Sistem\",\"url\":\"https:\\\/\\\/metalprometsistem.rs\\\/\",\"logo\":{\"@type\":\"ImageObject\",\"inLanguage\":\"en-GB\",\"@id\":\"https:\\\/\\\/metalprometsistem.rs\\\/#\\\/schema\\\/logo\\\/image\\\/\",\"url\":\"https:\\\/\\\/metalprometsistem.rs\\\/wp-content\\\/uploads\\\/2025\\\/04\\\/cropped-logo-1.png\",\"contentUrl\":\"https:\\\/\\\/metalprometsistem.rs\\\/wp-content\\\/uploads\\\/2025\\\/04\\\/cropped-logo-1.png\",\"width\":750,\"height\":250,\"caption\":\"Metal Promet Sistem\"},\"image\":{\"@id\":\"https:\\\/\\\/metalprometsistem.rs\\\/#\\\/schema\\\/logo\\\/image\\\/\"},\"sameAs\":[\"https:\\\/\\\/www.instagram.com\\\/metalprometsistem\"]}]}<\/script>\n<!-- \/ Yoast SEO plugin. -->","yoast_head_json":{"title":"Lokacija - Metal Promet Sistem","robots":{"index":"index","follow":"follow","max-snippet":"max-snippet:-1","max-image-preview":"max-image-preview:large","max-video-preview":"max-video-preview:-1"},"canonical":"https:\/\/metalprometsistem.rs\/en\/lokacija\/","og_locale":"en_GB","og_type":"article","og_title":"Lokacija - Metal Promet Sistem","og_description":"Lokacija Na\u0161e sedi\u0161te i proizvodni pogoni su strate\u0161ki locirani u industrijskom delu grada Zrenjanina, u dr\u017eavi Srbiji, koja se nalazi u Jugoisto\u010dnoj Evropi.\u00a0\u00a0Na\u0161e vrhunsko pozicioniranje nudi optimizovane logisti\u010dke moguc\u0301nosti i efikasan pristup evropskim tr\u017ei\u0161tima.\u200b\u200b\u200b\u200b\u200b\u200b\u200b\u200b\u200b\u200b\u200b\u200b\u200b\u200b Za upite, posete sajtu ili moguc\u0301nosti za partnerstvo, kontaktirajte na\u0161e odeljenje za poslovni razvoj na dole navedenu adresu. Ognjeslava Kostovi\u0107a 11 [&hellip;]","og_url":"https:\/\/metalprometsistem.rs\/en\/lokacija\/","og_site_name":"Metal Promet Sistem","article_modified_time":"2025-04-25T20:02:51+00:00","twitter_card":"summary_large_image","twitter_misc":{"Estimated reading time":"1 minute"},"schema":{"@context":"https:\/\/schema.org","@graph":[{"@type":"WebPage","@id":"https:\/\/metalprometsistem.rs\/lokacija\/","url":"https:\/\/metalprometsistem.rs\/lokacija\/","name":"Lokacija - Metal Promet Sistem","isPartOf":{"@id":"https:\/\/metalprometsistem.rs\/#website"},"datePublished":"2025-04-08T15:32:05+00:00","dateModified":"2025-04-25T20:02:51+00:00","breadcrumb":{"@id":"https:\/\/metalprometsistem.rs\/lokacija\/#breadcrumb"},"inLanguage":"en-GB","potentialAction":[{"@type":"ReadAction","target":["https:\/\/metalprometsistem.rs\/lokacija\/"]}]},{"@type":"BreadcrumbList","@id":"https:\/\/metalprometsistem.rs\/lokacija\/#breadcrumb","itemListElement":[{"@type":"ListItem","position":1,"name":"Po\u010detna","item":"https:\/\/metalprometsistem.rs\/"},{"@type":"ListItem","position":2,"name":"Lokacija"}]},{"@type":"WebSite","@id":"https:\/\/metalprometsistem.rs\/#website","url":"https:\/\/metalprometsistem.rs\/","name":"Metal Promet Sistem","description":"","publisher":{"@id":"https:\/\/metalprometsistem.rs\/#organization"},"potentialAction":[{"@type":"SearchAction","target":{"@type":"EntryPoint","urlTemplate":"https:\/\/metalprometsistem.rs\/?s={search_term_string}"},"query-input":{"@type":"PropertyValueSpecification","valueRequired":true,"valueName":"search_term_string"}}],"inLanguage":"en-GB"},{"@type":"Organization","@id":"https:\/\/metalprometsistem.rs\/#organization","name":"Metal Promet Sistem","url":"https:\/\/metalprometsistem.rs\/","logo":{"@type":"ImageObject","inLanguage":"en-GB","@id":"https:\/\/metalprometsistem.rs\/#\/schema\/logo\/image\/","url":"https:\/\/metalprometsistem.rs\/wp-content\/uploads\/2025\/04\/cropped-logo-1.png","contentUrl":"https:\/\/metalprometsistem.rs\/wp-content\/uploads\/2025\/04\/cropped-logo-1.png","width":750,"height":250,"caption":"Metal Promet Sistem"},"image":{"@id":"https:\/\/metalprometsistem.rs\/#\/schema\/logo\/image\/"},"sameAs":["https:\/\/www.instagram.com\/metalprometsistem"]}]}},"_links":{"self":[{"href":"https:\/\/metalprometsistem.rs\/en\/wp-json\/wp\/v2\/pages\/44","targetHints":{"allow":["GET"]}}],"collection":[{"href":"https:\/\/metalprometsistem.rs\/en\/wp-json\/wp\/v2\/pages"}],"about":[{"href":"https:\/\/metalprometsistem.rs\/en\/wp-json\/wp\/v2\/types\/page"}],"author":[{"embeddable":true,"href":"https:\/\/metalprometsistem.rs\/en\/wp-json\/wp\/v2\/users\/1"}],"replies":[{"embeddable":true,"href":"https:\/\/metalprometsistem.rs\/en\/wp-json\/wp\/v2\/comments?post=44"}],"version-history":[{"count":50,"href":"https:\/\/metalprometsistem.rs\/en\/wp-json\/wp\/v2\/pages\/44\/revisions"}],"predecessor-version":[{"id":2551,"href":"https:\/\/metalprometsistem.rs\/en\/wp-json\/wp\/v2\/pages\/44\/revisions\/2551"}],"wp:attachment":[{"href":"https:\/\/metalprometsistem.rs\/en\/wp-json\/wp\/v2\/media?parent=44"}],"curies":[{"name":"wp","href":"https:\/\/api.w.org\/{rel}","templated":true}]}}